{"id":698,"date":"2026-01-23T02:58:28","date_gmt":"2026-01-22T23:58:28","guid":{"rendered":"https:\/\/beylikduzurehber.com\/?page_id=698"},"modified":"2026-01-29T16:39:32","modified_gmt":"2026-01-29T13:39:32","slug":"hakkimizda","status":"publish","type":"page","link":"https:\/\/beylikduzurehber.com\/index.php\/hakkimizda\/","title":{"rendered":"Hakk\u0131m\u0131zda"},"content":{"rendered":"\n<p><strong>Beylikd\u00fcz\u00fc Rehber<\/strong>, Beylikd\u00fcz\u00fc\u2019nde faaliyet g\u00f6steren firmalar\u0131, hizmetleri ve ilanlar\u0131 tek bir \u00e7at\u0131 alt\u0131nda bulu\u015fturan kapsaml\u0131 bir <strong>yerel firma ve ilan rehberi<\/strong> projesidir.<\/p>\n\n\n\n<p>Amac\u0131m\u0131z; Beylikd\u00fcz\u00fc\u2019nde ya\u015fayan vatanda\u015flar\u0131n ihtiya\u00e7 duyduklar\u0131 \u00fcr\u00fcn ve hizmetlere h\u0131zl\u0131, do\u011fru ve g\u00fcvenilir \u015fekilde ula\u015fmalar\u0131n\u0131 sa\u011flarken, il\u00e7emizde faaliyet g\u00f6steren esnaf ve firmalara da dijital d\u00fcnyada g\u00fc\u00e7l\u00fc bir vitrin sunmakt\u0131r.<\/p>\n\n\n\n<p>Beylikd\u00fcz\u00fc Rehber;<\/p>\n\n\n\n<ul class=\"wp-block-list\">\n<li>Firma tan\u0131t\u0131mlar\u0131<\/li>\n\n\n\n<li>G\u00fcncel ilanlar<\/li>\n\n\n\n<li>Kampanyalar<\/li>\n\n\n\n<li>Haberler, r\u00f6portajlar ve yerel i\u00e7erikler<\/li>\n\n\n\n<li>G\u00f6r\u00fcnt\u00fcl\u00fc Tan\u0131t\u0131m Videolar\u0131<\/li>\n<\/ul>\n\n\n\n<p>ile Beylikd\u00fcz\u00fc\u2019n\u00fcn ticari ve sosyal hayat\u0131n\u0131 canl\u0131 tutmay\u0131 hedefler.<\/p>\n\n\n\n<p>Yerel ekonominin g\u00fc\u00e7lenmesine katk\u0131 sa\u011flamak, esnaf ile vatanda\u015f aras\u0131nda do\u011frudan bir k\u00f6pr\u00fc kurmak ve Beylikd\u00fcz\u00fc\u2019n\u00fcn de\u011ferlerini daha g\u00f6r\u00fcn\u00fcr k\u0131lmak en temel \u00f6nceliklerimizdendir. S\u00fcrekli g\u00fcncellenen altyap\u0131m\u0131z ve geli\u015fen i\u00e7erik yap\u0131m\u0131zla, hem kullan\u0131c\u0131lar hem de i\u015fletmeler i\u00e7in s\u00fcrd\u00fcr\u00fclebilir bir dijital rehber olmay\u0131 ama\u00e7l\u0131yoruz.<\/p>\n\n\n\n<p><strong>Beylikd\u00fcz\u00fc Rehber<\/strong>, Beylikd\u00fcz\u00fc\u2019n\u00fcn dijital haf\u0131zas\u0131 ve ticari bulu\u015fma noktas\u0131d\u0131r.<\/p>\n\n\n\n<p>bir LONCA projesidir<\/p>\n","protected":false},"excerpt":{"rendered":"<p>Beylikd\u00fcz\u00fc Rehber, Beylikd\u00fcz\u00fc\u2019nde faaliyet g\u00f6steren firmalar\u0131, hizmetleri&#46;&#46;&#46;<\/p>\n","protected":false},"author":1,"featured_media":0,"parent":0,"menu_order":0,"comment_status":"closed","ping_status":"closed","template":"","meta":{"footnotes":""},"class_list":["post-698","page","type-page","status-publish","hentry"],"_links":{"self":[{"href":"https:\/\/beylikduzurehber.com\/index.php\/wp-json\/wp\/v2\/pages\/698","targetHints":{"allow":["GET"]}}],"collection":[{"href":"https:\/\/beylikduzurehber.com\/index.php\/wp-json\/wp\/v2\/pages"}],"about":[{"href":"https:\/\/beylikduzurehber.com\/index.php\/wp-json\/wp\/v2\/types\/page"}],"author":[{"embeddable":true,"href":"https:\/\/beylikduzurehber.com\/index.php\/wp-json\/wp\/v2\/users\/1"}],"replies":[{"embeddable":true,"href":"https:\/\/beylikduzurehber.com\/index.php\/wp-json\/wp\/v2\/comments?post=698"}],"version-history":[{"count":4,"href":"https:\/\/beylikduzurehber.com\/index.php\/wp-json\/wp\/v2\/pages\/698\/revisions"}],"predecessor-version":[{"id":737,"href":"https:\/\/beylikduzurehber.com\/index.php\/wp-json\/wp\/v2\/pages\/698\/revisions\/737"}],"wp:attachment":[{"href":"https:\/\/beylikduzurehber.com\/index.php\/wp-json\/wp\/v2\/media?parent=698"}],"curies":[{"name":"wp","href":"https:\/\/api.w.org\/{rel}","templated":true}]}}