{"id":700,"date":"2026-01-23T02:58:59","date_gmt":"2026-01-22T23:58:59","guid":{"rendered":"https:\/\/beylikduzurehber.com\/?page_id=700"},"modified":"2026-01-23T03:03:35","modified_gmt":"2026-01-23T00:03:35","slug":"reklam-isbirligi","status":"publish","type":"page","link":"https:\/\/beylikduzurehber.com\/index.php\/reklam-isbirligi\/","title":{"rendered":"Reklam &amp; \u0130\u015fbirli\u011fi"},"content":{"rendered":"\n<p><strong>Beylikd\u00fcz\u00fc Rehber<\/strong>, Beylikd\u00fcz\u00fc\u2019nde faaliyet g\u00f6steren firma ve markalar\u0131n hedef kitlelerine do\u011frudan ula\u015fabilece\u011fi g\u00fc\u00e7l\u00fc bir <strong>yerel reklam ve tan\u0131t\u0131m platformudur<\/strong>.<\/p>\n\n\n\n<p>Firma rehberi, ilan sistemi, i\u00e7erik alanlar\u0131 ve dijital yay\u0131nlar\u0131m\u0131z sayesinde i\u015fletmelere; g\u00f6r\u00fcn\u00fcrl\u00fck, bilinirlik ve m\u00fc\u015fteri d\u00f6n\u00fc\u015f\u00fc sa\u011flayan etkili reklam \u00e7\u00f6z\u00fcmleri sunuyoruz.<\/p>\n\n\n\n<h4 class=\"wp-block-heading\">Reklam ve i\u015f birli\u011fi kapsam\u0131nda sundu\u011fumuz ba\u015fl\u0131ca alanlar:<\/h4>\n\n\n\n<ul class=\"wp-block-list\">\n<li>\u00d6ne \u00e7\u0131kan firma tan\u0131t\u0131mlar\u0131<\/li>\n\n\n\n<li>Sponsorlu ilanlar<\/li>\n\n\n\n<li>Banner ve vitrin reklamlar\u0131<\/li>\n\n\n\n<li>Haber ve r\u00f6portaj \u00e7al\u0131\u015fmalar\u0131<\/li>\n\n\n\n<li>Kampanya ve duyuru yay\u0131nlar\u0131<\/li>\n\n\n\n<li>Sosyal medya destekli tan\u0131t\u0131mlar<\/li>\n<\/ul>\n\n\n\n<p>Beylikd\u00fcz\u00fc Rehber\u2019de yer alan her reklam \u00e7al\u0131\u015fmas\u0131; <strong>yerel hedefleme<\/strong>, <strong>do\u011fru kitle<\/strong> ve <strong>\u00f6l\u00e7\u00fclebilir geri d\u00f6n\u00fc\u015f<\/strong> odakl\u0131 olarak planlan\u0131r. \u0130\u015fletmenizin ihtiya\u00e7lar\u0131na uygun \u00f6zel paketler ve uzun vadeli i\u015f birlikleri ile markan\u0131z\u0131 Beylikd\u00fcz\u00fc\u2019nde daha g\u00f6r\u00fcn\u00fcr hale getiriyoruz.<\/p>\n\n\n\n<p>Beylikd\u00fcz\u00fc\u2019nde markan\u0131z\u0131 b\u00fcy\u00fctmek, firman\u0131z\u0131 daha fazla ki\u015fiye ula\u015ft\u0131rmak ve dijitalde g\u00fc\u00e7l\u00fc bir yer edinmek i\u00e7in bizimle ileti\u015fime ge\u00e7ebilirsiniz.<\/p>\n\n\n\n<p><strong>Beylikd\u00fcz\u00fc Rehber \u2013 Yerelin g\u00fcc\u00fcyle markan\u0131z\u0131 \u00f6ne \u00e7\u0131kar\u0131n.<\/strong><\/p>\n","protected":false},"excerpt":{"rendered":"<p>Beylikd\u00fcz\u00fc Rehber, Beylikd\u00fcz\u00fc\u2019nde faaliyet g\u00f6steren firma ve&#46;&#46;&#46;<\/p>\n","protected":false},"author":1,"featured_media":0,"parent":0,"menu_order":0,"comment_status":"closed","ping_status":"closed","template":"","meta":{"footnotes":""},"class_list":["post-700","page","type-page","status-publish","hentry"],"_links":{"self":[{"href":"https:\/\/beylikduzurehber.com\/index.php\/wp-json\/wp\/v2\/pages\/700","targetHints":{"allow":["GET"]}}],"collection":[{"href":"https:\/\/beylikduzurehber.com\/index.php\/wp-json\/wp\/v2\/pages"}],"about":[{"href":"https:\/\/beylikduzurehber.com\/index.php\/wp-json\/wp\/v2\/types\/page"}],"author":[{"embeddable":true,"href":"https:\/\/beylikduzurehber.com\/index.php\/wp-json\/wp\/v2\/users\/1"}],"replies":[{"embeddable":true,"href":"https:\/\/beylikduzurehber.com\/index.php\/wp-json\/wp\/v2\/comments?post=700"}],"version-history":[{"count":2,"href":"https:\/\/beylikduzurehber.com\/index.php\/wp-json\/wp\/v2\/pages\/700\/revisions"}],"predecessor-version":[{"id":703,"href":"https:\/\/beylikduzurehber.com\/index.php\/wp-json\/wp\/v2\/pages\/700\/revisions\/703"}],"wp:attachment":[{"href":"https:\/\/beylikduzurehber.com\/index.php\/wp-json\/wp\/v2\/media?parent=700"}],"curies":[{"name":"wp","href":"https:\/\/api.w.org\/{rel}","templated":true}]}}